{"id":1003,"date":"2022-09-29T18:50:17","date_gmt":"2022-09-29T18:50:17","guid":{"rendered":"https:\/\/newmax.com.br\/en\/?page_id=1003"},"modified":"2022-09-29T18:52:46","modified_gmt":"2022-09-29T18:52:46","slug":"privacy-policy","status":"publish","type":"page","link":"https:\/\/newmax.com.br\/en\/privacy-policy\/","title":{"rendered":"Privacy Policy"},"content":{"rendered":"<div class=\"wpb-content-wrapper\"><p>[vc_row css_animation=&#8221;&#8221; row_type=&#8221;row&#8221; use_row_as_full_screen_section=&#8221;no&#8221; type=&#8221;grid&#8221; angled_section=&#8221;no&#8221; text_align=&#8221;left&#8221; background_image_as_pattern=&#8221;without_pattern&#8221; z_index=&#8221;&#8221; el_class=&#8221;text-section&#8221;][vc_column css=&#8221;.vc_custom_1664464098348{margin-top: -30px !important;}&#8221;][vc_column_text]<span style=\"font-weight: 400;\">Todas as nossas a\u00e7\u00f5es e iniciativas no ambiente digital s\u00e3o pautadas pelo comprometimento com as regras de privacidade e o uso adequado de dados e informa\u00e7\u00f5es. A transpar\u00eancia em rela\u00e7\u00e3o a maneira que seus dados s\u00e3o processados \u00e9 essencial para a <\/span><b>OPT ELETR\u00d4NICOS E BATERIAS LTDA<\/b><span style=\"font-weight: 400;\">, por isso, criamos um espa\u00e7o para informar a pol\u00edtica de aplica\u00e7\u00e3o sobre todas as informa\u00e7\u00f5es coletadas neste website e p\u00e1ginas afiliadas.\u00a0<\/span><\/p>\n<p><span style=\"font-weight: 400;\">A Pol\u00edtica de Privacidade e os Termos e Condi\u00e7\u00f5es podem sofrer altera\u00e7\u00f5es e atualiza\u00e7\u00f5es, quando necess\u00e1rio. Sempre que houver mudan\u00e7as relevantes, voc\u00ea ser\u00e1 avisado junto com a data de entrada em vigor da nova vers\u00e3o.\u00a0<\/span><\/p>\n<p><b>Este termo de privacidade foi atualizado em 28\/09\/2022.\u00a0<\/b><\/p>\n<p>&nbsp;<\/p>\n<p><u><b>ACEITA\u00c7\u00c3O DOS TERMOS<\/b><\/u><\/p>\n<p><b>Sua navega\u00e7\u00e3o dentro deste website e p\u00e1ginas afiliadas constitui sua aceita\u00e7\u00e3o desta pol\u00edtica e seu consentimento das pr\u00e1ticas que a mesma descreve.<\/b><\/p>\n<p><span style=\"font-weight: 400;\">Ao clicar nos bot\u00f5es \u201cI accept\/Eu aceito\u201d, \u201cI agree\/Eu concordo\u201d ou em bot\u00f5es\/checkboxes\/funcionalidades de car\u00e1ter similar em rela\u00e7\u00e3o a um termo de privacidade,<\/span> <span style=\"font-weight: 400;\">voc\u00ea nos concede a permiss\u00e3o para processar seus dados pessoais \u2013 somente nos pa\u00edses em que tal consentimento \u00e9 exigido por lei.<\/span><\/p>\n<p><b>Se voc\u00ea n\u00e3o estiver de acordo com os nossos termos da Pol\u00edtica de Privacidade, pedimos que interrompa o uso do site.<\/b><\/p>\n<p>&nbsp;<\/p>\n<p><u><b>INFORMA\u00c7\u00d5ES PESSOAIS<\/b><\/u><\/p>\n<p><span style=\"font-weight: 400;\">Informa\u00e7\u00e3o pessoal \u00e9 toda informa\u00e7\u00e3o que est\u00e1 relacionada a voc\u00ea individualmente e que permite contat\u00e1-lo, como por exemplo, seu nome, endere\u00e7o, n\u00famero de telefone, fax, RG, RNE, CPF, endere\u00e7o de e-mail, ou qualquer outra informa\u00e7\u00e3o que voc\u00ea tenha enviado a <\/span><b>OPT ELETR\u00d4NICOS E BATERIAS LTDA<\/b><span style=\"font-weight: 400;\">, ou site interligado, que permita a sua identifica\u00e7\u00e3o pessoal.\u00a0<\/span><\/p>\n<p><span style=\"font-weight: 400;\">Informamos que nosso servidor web n\u00e3o reconhece automaticamente estes dados, nem o site da <\/span><b>OPT ELETR\u00d4NICOS E BATERIAS LTDA<\/b><span style=\"font-weight: 400;\"> nem as p\u00e1ginas afiliadas coletam informa\u00e7\u00f5es pessoais sem que voc\u00ea as tenha fornecido, com exce\u00e7\u00e3o das mencionadas na nossa <\/span><b>Pol\u00edtica de Cookies<\/b><span style=\"font-weight: 400;\">.\u00a0 Voc\u00ea pode visitar e procurar nossos servi\u00e7os neste site e p\u00e1ginas afiliadas sem ter que fornecer qualquer informa\u00e7\u00e3o pessoal sobre voc\u00ea.\u00a0<\/span><\/p>\n<p><b>No entanto, a OPT ELETR\u00d4NICOS E BATERIAS LTDA\u00a0 e p\u00e1ginas afiliadas poder\u00e3o coletar algumas informa\u00e7\u00f5es pessoais a partir dos meios abaixo:<\/b><\/p>\n<p>&nbsp;<\/p>\n<p><b><u>Cadastro:<\/u><\/b><span style=\"font-weight: 400;\">\u00a0<\/span><\/p>\n<p><span style=\"font-weight: 400;\">O <\/span><b>visitante<\/b><span style=\"font-weight: 400;\"> que queira ter a oportunidade de obter mais informa\u00e7\u00f5es sobre servi\u00e7os ou novidades, por outros meios que n\u00e3o pela web (como e-mail ou telefone), ter\u00e1 que se registrar pelo site. O formul\u00e1rio em quest\u00e3o exigir\u00e1 algumas informa\u00e7\u00f5es pessoais que podem incluir, sem limita\u00e7\u00f5es: (a) Nome; (b) E-mail; (c) Demais informa\u00e7\u00f5es solicitadas para Eventos, Newsletter e\/ou Relacionamento.<\/span><\/p>\n<p><span style=\"font-weight: 400;\">Nossos <\/span><b>clientes <\/b><span style=\"font-weight: 400;\">tamb\u00e9m necessitam preencher um cadastro para utilizarem os servi\u00e7os da <\/span><b>OPT ELETR\u00d4NICOS E BATERIAS LTDA<\/b><span style=\"font-weight: 400;\">. Neste caso, as informa\u00e7\u00f5es coletadas s\u00e3o: (a) Nome completo (b) Raz\u00e3o social, (c) e-mail, (d) telefones de contato<\/span><\/p>\n<p><span style=\"font-weight: 400;\">Lembrando aos clientes que os dados de acesso \u00e0 sua conta no <\/span><b>Customer Care Center<\/b><span style=\"font-weight: 400;\"> no site da <\/span><b>OPT ELETR\u00d4NICOS E BATERIAS LTDA<\/b><span style=\"font-weight: 400;\">, como login e senha, \u00e9 pessoal e intransfer\u00edvel e s\u00e3o <\/span><b>de sua inteira reponsabilidade<\/b><span style=\"font-weight: 400;\">. Recomendamos que guarde esses dados em local seguro e n\u00e3o os forne\u00e7a a terceiros.\u00a0<\/span><\/p>\n<p>&nbsp;<\/p>\n<p><u><b>Atividades e Comunica\u00e7\u00e3o<\/b><\/u><\/p>\n<p><span style=\"font-weight: 400;\">Caso o visitante ou empresa queira se comunicar por meio do site, e-mail ou telefone, a empresa ir\u00e1 coletar todas as informa\u00e7\u00f5es pessoais relevantes com o intuito de aumentar a qualidade da comunica\u00e7\u00e3o. <\/span><b>Os dados de atividades coletados s\u00e3o<\/b><span style=\"font-weight: 400;\">: (a) Frequ\u00eancia de utiliza\u00e7\u00e3o da Plataforma; (b) Informa\u00e7\u00e3o sobre o Navegador; (c) Dados de Conex\u00e3o; (d) Hist\u00f3rico de navega\u00e7\u00e3o.<\/span><\/p>\n<p>&nbsp;<\/p>\n<p><u><b>USO DA INFORMA\u00c7\u00c3O<\/b><\/u><\/p>\n<p><span style=\"font-weight: 400;\">O site da <\/span><b>OPT ELETR\u00d4NICOS E BATERIAS LTDA<\/b><span style=\"font-weight: 400;\"> e p\u00e1ginas afiliadas podem usar suas informa\u00e7\u00f5es pessoais coletadas a partir do site para os seguintes prop\u00f3sitos:<\/span><\/p>\n<ul>\n<li style=\"font-weight: 400;\" aria-level=\"1\"><span style=\"font-weight: 400;\">Atendimento personalizado, comunica\u00e7\u00e3o e fornecimento de servi\u00e7os que atendam \u00e0s suas necessidades;<\/span><\/li>\n<li style=\"font-weight: 400;\" aria-level=\"1\"><span style=\"font-weight: 400;\">Envio de material promocional e outras informa\u00e7\u00f5es sobre a <\/span><b>OPT ELETR\u00d4NICOS E BATERIAS LTDA<\/b><span style=\"font-weight: 400;\">.<\/span><\/li>\n<\/ul>\n<p><span style=\"font-weight: 400;\">Usamos as informa\u00e7\u00f5es disponibilizadas pelos usu\u00e1rios por meio do navegador utilizado e nosso servidor web, para melhorar os servi\u00e7os. Estas informa\u00e7\u00f5es n\u00e3o s\u00e3o pessoais.\u00a0<\/span><\/p>\n<p><span style=\"font-weight: 400;\">Se voc\u00ea fornecer seu endere\u00e7o postal e\/ou eletr\u00f4nico, voc\u00ea poder\u00e1 receber informativos peri\u00f3dicos da empresa, com informa\u00e7\u00f5es sobre novidades. Se n\u00e3o desejar este servi\u00e7o, por favor, nos informe por meio dos canais de comunica\u00e7\u00e3o dispon\u00edveis no site.<\/span><\/p>\n<p><span style=\"font-weight: 400;\">Se voc\u00ea nos fornecer seu n\u00famero de telefone, voc\u00ea poder\u00e1 receber contatos telef\u00f4nicos da empresa para informar sobre servi\u00e7os e novidades. Se n\u00e3o desejar este servi\u00e7o, por favor nos avise pelos canais de comunica\u00e7\u00e3o dispon\u00edveis no site.<\/span><\/p>\n<p><b>Os endere\u00e7os de e-mail, ou qualquer outra informa\u00e7\u00e3o pessoal recolhida neste site nunca ser\u00e1 repassada, vendida ou alugada a outros, ou revelada publicamente<\/b><span style=\"font-weight: 400;\">, salvo se assim formos obrigados por lei, para nos defendermos, ou se formos obrigados por qualquer autoridade competente.<\/span><\/p>\n<p>&nbsp;<\/p>\n<p><b>Por quanto tempo mantemos seus dados?<\/b><\/p>\n<p><b>Clientes:<\/b><span style=\"font-weight: 400;\"> seus dados pessoais s\u00e3o mantidos enquanto durar nossa rela\u00e7\u00e3o contratual e\/ou comercial. Podemos, ent\u00e3o, colocar seus dados pessoais em um banco de dados intermedi\u00e1rio por 5 anos ap\u00f3s o t\u00e9rmino de nossa rela\u00e7\u00e3o contratual e \/ ou comercial.<\/span><\/p>\n<p><b>Clientes em potencial:<\/b><span style=\"font-weight: 400;\"> se voc\u00ea n\u00e3o tiver uma rela\u00e7\u00e3o contratual ou comercial com a <\/span><b>OPT ELETR\u00d4NICOS E BATERIAS LTDA<\/b><span style=\"font-weight: 400;\">, n\u00e3o manteremos seus dados por mais de 3 anos ap\u00f3s sua \u00faltima consulta.<\/span><\/p>\n<p><b>Candidatos:<\/b><span style=\"font-weight: 400;\"> caso voc\u00ea n\u00e3o seja contratado, excluiremos as informa\u00e7\u00f5es que voc\u00ea compartilhou conosco num prazo de 3 anos ap\u00f3s o compartilhamento das informa\u00e7\u00f5es.<\/span><\/p>\n<p><span style=\"font-weight: 400;\">As informa\u00e7\u00f5es de registro coletadas para fins de seguran\u00e7a, manuten\u00e7\u00e3o e melhoria, mencionadas acima, n\u00e3o ser\u00e3o mantidas por mais de 1 ano ap\u00f3s a coleta.<\/span><\/p>\n<p>&nbsp;<\/p>\n<p><u><b>COOKIES E EXPERI\u00caNCIA DO USU\u00c1RIO<\/b><\/u><\/p>\n<p><span style=\"font-weight: 400;\">Utilizamos ferramentas de an\u00e1lise de experi\u00eancia de usu\u00e1rio da Google com o prop\u00f3sito de melhorar a navegabilidade, interface e qualidade das informa\u00e7\u00f5es contidas em nossas plataformas e aplica\u00e7\u00f5es. Estas ferramentas fornecem informa\u00e7\u00f5es de uso do website e aplicativos de maneira confidencial e global, sem acesso a informa\u00e7\u00f5es confidenciais de usu\u00e1rios.<\/span><\/p>\n<p><span style=\"font-weight: 400;\">O site da <\/span><b>OPT ELETR\u00d4NICOS E BATERIAS LTDA<\/b><span style=\"font-weight: 400;\"> e p\u00e1ginas afiliadas poder\u00e3o utilizar \u201ccookies\u201d para gravar informa\u00e7\u00f5es de navega\u00e7\u00e3o do usu\u00e1rio. O \u201ccookie\u201d \u00e9 uma informa\u00e7\u00e3o que pode ser enviada ao seu computador atrav\u00e9s de nosso servidor web, ficando armazenada em seu navegador. Esta informa\u00e7\u00e3o \u00e9 muito \u00fatil para que o site da <\/span><b>OPT ELETR\u00d4NICOS E BATERIAS LTDA<\/b><span style=\"font-weight: 400;\"> e p\u00e1ginas afiliadas possam oferecer a melhor experi\u00eancia online, de acordo com as condi\u00e7\u00f5es de navega\u00e7\u00e3o de cada usu\u00e1rio. O usu\u00e1rio pode gerenciar os \u201ccookies\u201d e habilit\u00e1-los ou n\u00e3o, diretamente pelo pr\u00f3prio navegador.<\/span><\/p>\n<p><span style=\"font-weight: 400;\">Saiba mais detalhes na nossa <\/span><b>Pol\u00edtica de Cookies<\/b><span style=\"font-weight: 400;\">, acesse.\u00a0<\/span><\/p>\n<p>&nbsp;<\/p>\n<p><u><b>LINKS EXTERNOS<\/b><\/u><\/p>\n<p><span style=\"font-weight: 400;\">O site da <\/span><b>OPT ELETR\u00d4NICOS E BATERIAS LTDA<\/b><span style=\"font-weight: 400;\"> e p\u00e1ginas afiliadas podem conter links para outros websites. Por favor, fique atento, a empresa n\u00e3o \u00e9 respons\u00e1vel pelas pr\u00e1ticas de privacidade dos mesmos. Os links externos levam a sites que podem utilizar \u201ccookies\u201d. Recomendamos que voc\u00ea leia as pol\u00edticas de privacidade dispon\u00edveis nestes sites externos antes de fornecer qualquer informa\u00e7\u00e3o pessoal.<\/span><\/p>\n<p>&nbsp;<\/p>\n<p><u><b>SEGURAN\u00c7A<\/b><\/u><\/p>\n<p><span style=\"font-weight: 400;\">O site da <\/span><b>OPT ELETR\u00d4NICOS E BATERIAS LTDA<\/b><span style=\"font-weight: 400;\"> e p\u00e1ginas afiliadas utilizam um servidor com medidas de seguran\u00e7a apropriadas que protegem contra perda, manuseio impr\u00f3prio ou altera\u00e7\u00e3o sem pr\u00e9via autoriza\u00e7\u00e3o de informa\u00e7\u00f5es pessoais que podemos ter coletado por meio dos sites. As inst\u00e2ncias possuem conex\u00e3o segura com certificado SSL que garantem seguran\u00e7a na transmiss\u00e3o de dados pela criptografia.\u00a0<\/span><\/p>\n<p><span style=\"font-weight: 400;\">A <\/span><b>OPT ELETR\u00d4NICOS E BATERIAS LTDA<\/b><span style=\"font-weight: 400;\"> permite o acesso a estas informa\u00e7\u00f5es somente para pessoas da empresa que possuem prop\u00f3sito leg\u00edtimo de utiliz\u00e1-los com o intuito de fornecer melhores servi\u00e7os para voc\u00ea, e que garantam a privacidade e sigilo das mesmas. No entanto, esteja ciente de que as transmiss\u00f5es de dados pela da internet podem n\u00e3o ser totalmente seguras contra intercepta\u00e7\u00f5es n\u00e3o autorizadas.<\/span><\/p>\n<p>&nbsp;<\/p>\n<p><u><b>EXCLUS\u00c3O DE DADOS\u00a0<\/b><\/u><\/p>\n<p><span style=\"font-weight: 400;\">O site da <\/span><b>OPT ELETR\u00d4NICOS E BATERIAS LTDA<\/b><span style=\"font-weight: 400;\"> e p\u00e1ginas afiliadas permitem que voc\u00ea mude, atualize ou apague as informa\u00e7\u00f5es pessoais fornecidas. Caso deseje, entre em contato pelos nossos canais de comunica\u00e7\u00e3o. Tamb\u00e9m \u00e9 poss\u00edvel solicitar todas as informa\u00e7\u00f5es referentes a voc\u00ea, que estejam armazenadas no banco de dados da empresa.<\/span><\/p>\n<p><span style=\"font-weight: 400;\">Caso seja retirado o consentimento da utiliza\u00e7\u00e3o de dados ou a exclus\u00e3o deles com fundamento no interesse leg\u00edtimo do usu\u00e1rio, este reconhece e aceita, desde j\u00e1, que a <\/span><b>OPT ELETR\u00d4NICOS E BATERIAS LTDA<\/b><span style=\"font-weight: 400;\"> n\u00e3o ser\u00e1 responsabilizada com rela\u00e7\u00e3o a qualquer perda e\/ou dano causado aos seus dados pessoais.<\/span><\/p>\n<p><span style=\"font-weight: 400;\">Vale lembrar que parte dos dados pessoais colhidos dever\u00e3o, por obriga\u00e7\u00f5es legais impostas \u00e0 <\/span><b>OPT ELETR\u00d4NICOS E BATERIAS LTDA<\/b><span style=\"font-weight: 400;\"> pelas autoridades competentes, serem mantidos em nossos arquivos por um prazo m\u00ednimo legalmente determinado, ainda que o usu\u00e1rio solicite sua exclus\u00e3o e\/ou altera\u00e7\u00e3o.<\/span><\/p>\n<p>&nbsp;<\/p>\n<p><u><b>SOBRE O EDITOR<\/b><\/u><span style=\"font-weight: 400;\">\u00a0<\/span><\/p>\n<p><b>OPT ELETR\u00d4NICOS E BATERIAS LTDA, CNPJ \u2013 12.127.723\/0001-35 , EST MUNICIPAL EDUARDO GOMES PINTO 305 e 307<\/b><\/p>\n<p><span style=\"font-weight: 400;\">\u00e9 a empresa controladora dos dados pessoais coletados dos usu\u00e1rios no \u00e2mbito desta Pol\u00edtica de Privacidade.<\/span><\/p>\n<p><span style=\"font-weight: 400;\">A <\/span><b>OPT ELETR\u00d4NICOS E BATERIAS LTDA<\/b><span style=\"font-weight: 400;\"> nomeou <\/span><b>Thiago Ximenes <\/b><span style=\"font-weight: 400;\">como Data Protection Officer (DPO). Caso necess\u00e1rio, o usu\u00e1rio poder\u00e1 entrar em contato atrav\u00e9s do e-mail <\/span><a href=\"mailto:lgpd@opt.ind.br\"><b>lgpd@opt.ind.br<\/b><\/a><span style=\"font-weight: 400;\"> e comunicar suas solicita\u00e7\u00f5es.<\/span><\/p>\n<p><span style=\"font-weight: 400;\">A qualquer momento, o usu\u00e1rio poder\u00e1 tirar d\u00favidas via e-mail <\/span><a href=\"mailto:lgpd@opt.ind.br\"><b>lgpd@opt.ind.br<\/b><\/a> <span style=\"font-weight: 400;\">ou pelo telefone <\/span><b>011-99421-0404<\/b><span style=\"font-weight: 400;\">.<\/span>[\/vc_column_text][vc_empty_space height=&#8221;50px&#8221;][\/vc_column][\/vc_row]<\/p>\n<\/div>","protected":false},"excerpt":{"rendered":"<p>[vc_row css_animation=&#8221;&#8221; row_type=&#8221;row&#8221; use_row_as_full_screen_section=&#8221;no&#8221; type=&#8221;grid&#8221; angled_section=&#8221;no&#8221; text_align=&#8221;left&#8221; background_image_as_pattern=&#8221;without_pattern&#8221; z_index=&#8221;&#8221; el_class=&#8221;text-section&#8221;][vc_column css=&#8221;.vc_custom_1664464098348{margin-top: -30px !important;}&#8221;][vc_column_text]Todas as nossas a\u00e7\u00f5es e iniciativas no ambiente digital s\u00e3o pautadas pelo comprometimento com as regras de privacidade e o uso adequado de dados e informa\u00e7\u00f5es. A transpar\u00eancia em rela\u00e7\u00e3o a maneira que&#8230;<\/p>\n","protected":false},"author":1,"featured_media":0,"parent":0,"menu_order":0,"comment_status":"closed","ping_status":"closed","template":"full_width.php","meta":{"footnotes":""},"class_list":["post-1003","page","type-page","status-publish","hentry"],"_links":{"self":[{"href":"https:\/\/newmax.com.br\/en\/wp-json\/wp\/v2\/pages\/1003","targetHints":{"allow":["GET"]}}],"collection":[{"href":"https:\/\/newmax.com.br\/en\/wp-json\/wp\/v2\/pages"}],"about":[{"href":"https:\/\/newmax.com.br\/en\/wp-json\/wp\/v2\/types\/page"}],"author":[{"embeddable":true,"href":"https:\/\/newmax.com.br\/en\/wp-json\/wp\/v2\/users\/1"}],"replies":[{"embeddable":true,"href":"https:\/\/newmax.com.br\/en\/wp-json\/wp\/v2\/comments?post=1003"}],"version-history":[{"count":3,"href":"https:\/\/newmax.com.br\/en\/wp-json\/wp\/v2\/pages\/1003\/revisions"}],"predecessor-version":[{"id":1010,"href":"https:\/\/newmax.com.br\/en\/wp-json\/wp\/v2\/pages\/1003\/revisions\/1010"}],"wp:attachment":[{"href":"https:\/\/newmax.com.br\/en\/wp-json\/wp\/v2\/media?parent=1003"}],"curies":[{"name":"wp","href":"https:\/\/api.w.org\/{rel}","templated":true}]}}