{"id":1005,"date":"2022-09-29T18:51:48","date_gmt":"2022-09-29T18:51:48","guid":{"rendered":"https:\/\/newmax.com.br\/en\/?page_id=1005"},"modified":"2022-09-29T18:52:15","modified_gmt":"2022-09-29T18:52:15","slug":"terms-of-use","status":"publish","type":"page","link":"https:\/\/newmax.com.br\/en\/terms-of-use\/","title":{"rendered":"Terms of Use"},"content":{"rendered":"<div class=\"wpb-content-wrapper\"><p>[vc_row css_animation=&#8221;&#8221; row_type=&#8221;row&#8221; use_row_as_full_screen_section=&#8221;no&#8221; type=&#8221;grid&#8221; angled_section=&#8221;no&#8221; text_align=&#8221;left&#8221; background_image_as_pattern=&#8221;without_pattern&#8221; z_index=&#8221;&#8221; el_class=&#8221;text-section&#8221;][vc_column css=&#8221;.vc_custom_1664464098348{margin-top: -30px !important;}&#8221;][vc_column_text]<span style=\"font-weight: 400;\">N\u00f3s da <\/span><b>OPT Eletr\u00f4nicos e Baterias <\/b><span style=\"font-weight: 400;\">prezamos pela transpar\u00eancia e objetividade com nossos visitantes e usu\u00e1rios e por isso criamos um espa\u00e7o com <\/span><b>Termos e Condi\u00e7\u00f5es<\/b><span style=\"font-weight: 400;\"> que tem como principal objetivo comunicar e direcionar toda a navegabilidade e tratamento de dados dentro do nosso ambiente digital. Neste documento voc\u00ea vai encontrar um detalhamento de todos os direitos e responsabilidades que adotamos com rela\u00e7\u00e3o ao site e as informa\u00e7\u00f5es compartilhadas aqui, bem como os direitos e responsabilidades dos visitantes que utilizam o nosso site.<\/span><\/p>\n<p>&nbsp;<\/p>\n<p><u><b>ACEITA\u00c7\u00c3O DOS TERMOS<\/b><\/u><\/p>\n<p><span style=\"font-weight: 400;\">O acesso a este site est\u00e1 sujeito aos termos e as condi\u00e7\u00f5es esclarecidas nesta p\u00e1gina. <\/span><b>Ao continuar a sua navega\u00e7\u00e3o dentro deste website e p\u00e1ginas afiliadas voc\u00ea estar\u00e1 aceitando as pol\u00edticas e pr\u00e1ticas descritas.<\/b><\/p>\n<p><span style=\"font-weight: 400;\">Ao clicar nos bot\u00f5es \u201c<\/span><i><span style=\"font-weight: 400;\">I accept<\/span><\/i><span style=\"font-weight: 400;\"> \/ Eu aceito\u201d, \u201c<\/span><i><span style=\"font-weight: 400;\">I agree <\/span><\/i><span style=\"font-weight: 400;\">\/ Eu concordo\u201d ou em bot\u00f5es \/ <\/span><i><span style=\"font-weight: 400;\">checkboxes <\/span><\/i><span style=\"font-weight: 400;\">\/ funcionalidades de car\u00e1ter similar em rela\u00e7\u00e3o a um termo de privacidade,<\/span><b> voc\u00ea nos concede a permiss\u00e3o para processar seus dados pessoais \u2013 somente nos pa\u00edses em que tal consentimento \u00e9 exigido por lei.<\/b><\/p>\n<p>&nbsp;<\/p>\n<p><u><b>CONTE\u00daDOS E LICEN\u00c7AS<\/b><\/u><\/p>\n<p><span style=\"font-weight: 400;\">Todos os conte\u00fados, incluindo textos, imagens e demais arquivos \u00e0 disposi\u00e7\u00e3o neste site s\u00e3o de propriedade da<\/span><b> OPT Eletr\u00f4nicos e Baterias <\/b><span style=\"font-weight: 400;\">e devem ter autoriza\u00e7\u00e3o pr\u00e9via da empresa para serem copiados, reproduzidos, republicados, postados, transmitidos ou distribu\u00eddos.\u00a0<\/span><\/p>\n<p><span style=\"font-weight: 400;\">Essas informa\u00e7\u00f5es s\u00e3o de car\u00e1ter puramente informativo e n\u00e3o devem ser interpretadas como licen\u00e7as, ofertas ou relacionamento consultivo, fiduci\u00e1rio ou profissional. Nenhum dado aplicado neste site dever\u00e1 substituir a sua investiga\u00e7\u00e3o independente.\u00a0<\/span><\/p>\n<p><span style=\"font-weight: 400;\">Todas as marcas apresentadas ou referidas neste site s\u00e3o propriedade de seus leg\u00edtimos donos, exigem autoriza\u00e7\u00e3o dos mesmos para utiliza\u00e7\u00e3o e nenhum conte\u00fado reproduzido aqui deve ser interpretado como concess\u00e3o de qualquer marca registrada, patente ou direito a copyright.<\/span><\/p>\n<p>&nbsp;<\/p>\n<p><u><b>ENTENDA OS NOSSOS DIREITOS E RESPONSABILIDADES\u00a0<\/b><\/u><\/p>\n<p><span style=\"font-weight: 400;\">Temos como responsabilidade legal aplicar todas as <\/span><b>Pol\u00edticas de Privacidade<\/b><span style=\"font-weight: 400;\"> de dados e seguimos todas as orienta\u00e7\u00f5es t\u00e9cnicas e administrativas com o intuito de proteger todas as informa\u00e7\u00f5es fornecidas por voc\u00ea aqui. Asseguramos a prote\u00e7\u00e3o dos seus dados contra qualquer uso n\u00e3o autorizado ou il\u00edcito e contra perda acidental, divulga\u00e7\u00e3o ou altera\u00e7\u00f5es il\u00edcitas.\u00a0<\/span><\/p>\n<p><span style=\"font-weight: 400;\">\u00c9 nossa responsabilidade garantir que os usu\u00e1rios recebam informa\u00e7\u00f5es claras e completas, sempre que formalmente solicitado, sobre dados pessoais eventualmente coletados e\/ou processados pela <\/span><b>OPT Eletr\u00f4nicos e Baterias<\/b><span style=\"font-weight: 400;\">. Para informa\u00e7\u00f5es mais detalhadas sobre a forma como os dados s\u00e3o colhidos, uso de cookies e ferramentas similares, acesse nossa <\/span><b>Pol\u00edtica de Cookies<\/b><b>.<\/b><\/p>\n<p>&nbsp;<\/p>\n<p><u><b>ENTENDA OS SEUS DIREITOS E RESPONSABILIDADES\u00a0<\/b><\/u><\/p>\n<p><span style=\"font-weight: 400;\">Trabalhamos para fornecer conte\u00fados confi\u00e1veis e de qualidade, por\u00e9m n\u00e3o nos responsabilizamos por qualquer resultado obtido por voc\u00ea a partir desses materiais. A empresa n\u00e3o ser\u00e1 respons\u00e1vel por danos indiretos, preju\u00edzos, interrup\u00e7\u00f5es de neg\u00f3cios ou perda de dados provenientes de qualquer material contido neste site ou em qualquer site vinculado.\u00a0<\/span><\/p>\n<p><span style=\"font-weight: 400;\">Voc\u00ea est\u00e1 ciente que \u00e9 de sua responsabilidade fornecer informa\u00e7\u00f5es verdadeiras, exatas, atuais e completas quando for realizar seu cadastro ou contato com a <\/span><b>OPT Eletr\u00f4nicos e Baterias<\/b><span style=\"font-weight: 400;\">. Lembramos que a indica\u00e7\u00e3o de dados incompletos ou falsos \u00e9 crime tipificado em lei e pode acarretar puni\u00e7\u00f5es severas a quem as fornecer.<\/span><\/p>\n<p>&nbsp;<\/p>\n<p><u><b>LINKS DE TERCEIROS\u00a0<\/b><\/u><\/p>\n<p><span style=\"font-weight: 400;\">Todos os links de terceiros utilizados e aplicados neste site s\u00e3o de responsabilidade de seus donos e devem responder por sua pr\u00f3pria conta e risco. Todo conte\u00fado publicado ou compartilhado, seja publicamente ou de forma privada, \u00e9 de responsabilidade de seu criador e fornecedor. Diante disso, a <\/span><b>OPT Eletr\u00f4nicos e Baterias<\/b><span style=\"font-weight: 400;\"> n\u00e3o assevera a confiabilidade, integridade ou precis\u00e3o de seu conte\u00fado.\u00a0<\/span><\/p>\n<p>&nbsp;<\/p>\n<p><u><b>USO DE INFORMA\u00c7\u00d5ES\u00a0<\/b><\/u><\/p>\n<p><span style=\"font-weight: 400;\">Toda e qualquer informa\u00e7\u00e3o, conte\u00fado ou material enviado para a empresa poder\u00e1 ser utilizado, copiado, executado, exibido ou modificado, incluindo as ideias e os conceitos neles contidos.<\/span><span style=\"font-weight: 400;\"> Com exce\u00e7\u00e3o dos dados relacionados <\/span><span style=\"font-weight: 400;\">as <\/span><b>Pol\u00edticas de Privacidade, <\/b><span style=\"font-weight: 400;\">reservamo-nos o direito de usar tais conte\u00fados da maneira que escolhermos, sem a necessidade de responder por regras de prote\u00e7\u00e3o e confidencialidade.<\/span><\/p>\n<p>&nbsp;<\/p>\n<p><u><b>DISPONIBILIDADE E MUDAN\u00c7AS DO SITE E DOS SERVI\u00c7OS\u00a0<\/b><\/u><\/p>\n<p><span style=\"font-weight: 400;\">A <\/span><b>OPT Eletr\u00f4nicos e Baterias<\/b><span style=\"font-weight: 400;\"> reserva o direito de interromper, modificar, alterar ou suspender, sem aviso pr\u00e9vio, os conte\u00fados, servi\u00e7os e solu\u00e7\u00f5es expostos neste site e em seu portf\u00f3lio, n\u00e3o tendo qualquer obriga\u00e7\u00e3o de resultado com rela\u00e7\u00e3o \u00e0 disponibilidade. Tamb\u00e9m reservamo-nos o direito de modificar os Termos e Condi\u00e7\u00f5es deste site a qualquer momento.<\/span><\/p>\n<p><b>Este termo de uso foi atualizado em 20\/09\/2022.<\/b><b>\u00a0<\/b><\/p>\n<p>&nbsp;<\/p>\n<p><u><b>CONTATO<\/b><\/u><\/p>\n<p><span style=\"font-weight: 400;\">Se voc\u00ea tem alguma d\u00favida sobre os <\/span><b>Termos e Condi\u00e7\u00f5es<\/b><span style=\"font-weight: 400;\">, ou se deseja alguma informa\u00e7\u00e3o referente ao nosso site e\/ou p\u00e1ginas afiliadas, entre em contato pelo e-mail <\/span><b>contato@opt.ind.br<\/b><span style=\"font-weight: 400;\"> ou pelo telefone <\/span><b>(11)3392-4500<\/b><span style=\"font-weight: 400;\">.&lt;u&gt;<\/span>[\/vc_column_text][vc_empty_space height=&#8221;50px&#8221;][\/vc_column][\/vc_row]<\/p>\n<\/div>","protected":false},"excerpt":{"rendered":"<p>[vc_row css_animation=&#8221;&#8221; row_type=&#8221;row&#8221; use_row_as_full_screen_section=&#8221;no&#8221; type=&#8221;grid&#8221; angled_section=&#8221;no&#8221; text_align=&#8221;left&#8221; background_image_as_pattern=&#8221;without_pattern&#8221; z_index=&#8221;&#8221; el_class=&#8221;text-section&#8221;][vc_column css=&#8221;.vc_custom_1664464098348{margin-top: -30px !important;}&#8221;][vc_column_text]N\u00f3s da OPT Eletr\u00f4nicos e Baterias prezamos pela transpar\u00eancia e objetividade com nossos visitantes e usu\u00e1rios e por isso criamos um espa\u00e7o com Termos e Condi\u00e7\u00f5es que tem como principal objetivo comunicar e&#8230;<\/p>\n","protected":false},"author":1,"featured_media":0,"parent":0,"menu_order":0,"comment_status":"closed","ping_status":"closed","template":"full_width.php","meta":{"footnotes":""},"class_list":["post-1005","page","type-page","status-publish","hentry"],"_links":{"self":[{"href":"https:\/\/newmax.com.br\/en\/wp-json\/wp\/v2\/pages\/1005","targetHints":{"allow":["GET"]}}],"collection":[{"href":"https:\/\/newmax.com.br\/en\/wp-json\/wp\/v2\/pages"}],"about":[{"href":"https:\/\/newmax.com.br\/en\/wp-json\/wp\/v2\/types\/page"}],"author":[{"embeddable":true,"href":"https:\/\/newmax.com.br\/en\/wp-json\/wp\/v2\/users\/1"}],"replies":[{"embeddable":true,"href":"https:\/\/newmax.com.br\/en\/wp-json\/wp\/v2\/comments?post=1005"}],"version-history":[{"count":2,"href":"https:\/\/newmax.com.br\/en\/wp-json\/wp\/v2\/pages\/1005\/revisions"}],"predecessor-version":[{"id":1008,"href":"https:\/\/newmax.com.br\/en\/wp-json\/wp\/v2\/pages\/1005\/revisions\/1008"}],"wp:attachment":[{"href":"https:\/\/newmax.com.br\/en\/wp-json\/wp\/v2\/media?parent=1005"}],"curies":[{"name":"wp","href":"https:\/\/api.w.org\/{rel}","templated":true}]}}