{"id":1012,"date":"2023-02-17T13:17:32","date_gmt":"2023-02-17T13:17:32","guid":{"rendered":"https:\/\/newmax.com.br\/en\/?page_id=1012"},"modified":"2023-02-17T13:17:32","modified_gmt":"2023-02-17T13:17:32","slug":"general-data-protection-law","status":"publish","type":"page","link":"https:\/\/newmax.com.br\/en\/general-data-protection-law\/","title":{"rendered":"General Data Protection Law"},"content":{"rendered":"<div class=\"wpb-content-wrapper\"><p>[vc_row css_animation=&#8221;&#8221; row_type=&#8221;row&#8221; use_row_as_full_screen_section=&#8221;no&#8221; type=&#8221;grid&#8221; angled_section=&#8221;no&#8221; text_align=&#8221;left&#8221; background_image_as_pattern=&#8221;without_pattern&#8221; z_index=&#8221;&#8221; el_class=&#8221;text-section&#8221;][vc_column css=&#8221;.vc_custom_1664464098348{margin-top: -30px !important;}&#8221;][vc_column_text]<b>COMUNICADO SOBRE ADEQUA\u00c7\u00c3O \u00c0 LEI GERAL DE PROTE\u00c7\u00c3O DE DADOS PESSOAIS (LGPD)<\/b><\/p>\n<p><span style=\"font-weight: 400;\">Prezados clientes, colaboradores, fornecedores e parceiros, desde setembro de 2020 est\u00e1 em vig\u00eancia a Lei Geral de Prote\u00e7\u00e3o de Dados Pessoais, n\u00ba 13.709\/2018, conhecida como \u201cLGPD\u201d.<\/span><\/p>\n<p><span style=\"font-weight: 400;\">Essa lei possui como fundamento a dignidade e prote\u00e7\u00e3o aos direitos fundamentais de liberdade e privacidade das pessoas f\u00edsicas.<\/span><\/p>\n<p><span style=\"font-weight: 400;\">A <\/span><b>OPT <\/b><span style=\"font-weight: 400;\">est\u00e1 consciente das mudan\u00e7as que essa nova lei estabelece, e tem procurado atend\u00ea-las de acordo com as boas pr\u00e1ticas de mercado, al\u00e9m de aguardar a defini\u00e7\u00e3o de alguns pontos da lei que demandam regulamenta\u00e7\u00e3o pelas autoridades.<\/span><\/p>\n<p><span style=\"font-weight: 400;\">Por meio do nosso Programa de Adequa\u00e7\u00e3o \u00e0 Lei Geral de Prote\u00e7\u00e3o de Dados estamos seguindo as premissas legais para a consolida\u00e7\u00e3o de uma governan\u00e7a mais segura e centrada na privacidade de dados.<\/span><\/p>\n<p><span style=\"font-weight: 400;\">A <\/span><b>OPT<\/b><span style=\"font-weight: 400;\"> est\u00e1 realizando ajustes nos procedimentos de tratamento dos dados pessoais desde a coleta at\u00e9 sua elimina\u00e7\u00e3o, al\u00e9m da implementa\u00e7\u00e3o de pol\u00edticas internas e adequa\u00e7\u00f5es nos contratos com os nossos clientes, parceiros, terceiros e colaboradores.<\/span><\/p>\n<p><span style=\"font-weight: 400;\">Entendemos que estar em conformidade com a LGPD \u00e9 uma jornada cont\u00ednua que envolve a ado\u00e7\u00e3o de processos e procedimentos internos e ressaltamos o nosso cumprimento a esses esfor\u00e7os t\u00e3o necess\u00e1rios.<\/span><\/p>\n<p><span style=\"font-weight: 400;\">Essas medidas significam tamb\u00e9m um passo importante no aprimoramento dos nossos servi\u00e7os, no intuito de sempre oferecer maior efici\u00eancia nas rela\u00e7\u00f5es com nossos usu\u00e1rios, clientes, colaboradores, fornecedores, parceiros e demais interessados.<\/span><\/p>\n<p><span style=\"font-weight: 400;\">Contamos com a costumeira aten\u00e7\u00e3o de todos, visto que essas medidas est\u00e3o sendo cada vez mais exigidas pelo mercado nacional e internacional.<\/span><\/p>\n<p><span style=\"font-weight: 400;\">A <\/span><b>OPT <\/b><span style=\"font-weight: 400;\">aproveita essa oportunidade para reafirmar seu compromisso com o respeito aos direitos de privacidade e de prote\u00e7\u00e3o de dados pessoais, e sua dire\u00e7\u00e3o estrat\u00e9gica de prestigiar o cumprimento dessa lei, que marca uma nova fase na rela\u00e7\u00e3o entre as pessoas e as organiza\u00e7\u00f5es.<\/span><\/p>\n<p><span style=\"font-weight: 400;\">Em caso de d\u00favidas, requerimentos ou mais informa\u00e7\u00f5es sobre a \u201cLGPD\u201d entre em contato com nosso Encarregado de Prote\u00e7\u00e3o de Dados\/<\/span><i><span style=\"font-weight: 400;\">Data Protection Officer (DPO):<\/span><\/i><span style=\"font-weight: 400;\"> pelo e-mail: <\/span><span style=\"font-weight: 400;\">contato@opt.ind.br<\/span><span style=\"font-weight: 400;\"> ou consulte nossa Pol\u00edtica de Privacidade, dispon\u00edvel em <\/span><a href=\"https:\/\/newmax.com.br\/en\/privacy-policy\/\"><span style=\"font-weight: 400;\">https:\/\/newmax.com.br\/en\/privacy-policy\/<\/span><\/a><span style=\"font-weight: 400;\">.<\/span>[\/vc_column_text][vc_empty_space height=&#8221;50px&#8221;][\/vc_column][\/vc_row]<\/p>\n<\/div>","protected":false},"excerpt":{"rendered":"<p>[vc_row css_animation=&#8221;&#8221; row_type=&#8221;row&#8221; use_row_as_full_screen_section=&#8221;no&#8221; type=&#8221;grid&#8221; angled_section=&#8221;no&#8221; text_align=&#8221;left&#8221; background_image_as_pattern=&#8221;without_pattern&#8221; z_index=&#8221;&#8221; el_class=&#8221;text-section&#8221;][vc_column css=&#8221;.vc_custom_1664464098348{margin-top: -30px !important;}&#8221;][vc_column_text]COMUNICADO SOBRE ADEQUA\u00c7\u00c3O \u00c0 LEI GERAL DE PROTE\u00c7\u00c3O DE DADOS PESSOAIS (LGPD) Prezados clientes, colaboradores, fornecedores e parceiros, desde setembro de 2020 est\u00e1 em vig\u00eancia a Lei Geral de Prote\u00e7\u00e3o de Dados Pessoais,&#8230;<\/p>\n","protected":false},"author":1,"featured_media":0,"parent":0,"menu_order":0,"comment_status":"closed","ping_status":"closed","template":"full_width.php","meta":{"footnotes":""},"class_list":["post-1012","page","type-page","status-publish","hentry"],"_links":{"self":[{"href":"https:\/\/newmax.com.br\/en\/wp-json\/wp\/v2\/pages\/1012","targetHints":{"allow":["GET"]}}],"collection":[{"href":"https:\/\/newmax.com.br\/en\/wp-json\/wp\/v2\/pages"}],"about":[{"href":"https:\/\/newmax.com.br\/en\/wp-json\/wp\/v2\/types\/page"}],"author":[{"embeddable":true,"href":"https:\/\/newmax.com.br\/en\/wp-json\/wp\/v2\/users\/1"}],"replies":[{"embeddable":true,"href":"https:\/\/newmax.com.br\/en\/wp-json\/wp\/v2\/comments?post=1012"}],"version-history":[{"count":1,"href":"https:\/\/newmax.com.br\/en\/wp-json\/wp\/v2\/pages\/1012\/revisions"}],"predecessor-version":[{"id":1013,"href":"https:\/\/newmax.com.br\/en\/wp-json\/wp\/v2\/pages\/1012\/revisions\/1013"}],"wp:attachment":[{"href":"https:\/\/newmax.com.br\/en\/wp-json\/wp\/v2\/media?parent=1012"}],"curies":[{"name":"wp","href":"https:\/\/api.w.org\/{rel}","templated":true}]}}